{"id":241,"date":"2023-05-08T16:29:40","date_gmt":"2023-05-08T14:29:40","guid":{"rendered":"https:\/\/kaffestuganalphem.se\/?page_id=241"},"modified":"2023-08-24T13:43:19","modified_gmt":"2023-08-24T11:43:19","slug":"bokningar","status":"publish","type":"page","link":"https:\/\/staging.kaffestuganalphem.se\/en\/bokningar\/","title":{"rendered":"Bokningar"},"content":{"rendered":"<p>[et_pb_section fb_built=&#8221;1&#8243; _builder_version=&#8221;4.21.0&#8243; _module_preset=&#8221;default&#8221; background_color=&#8221;rgba(0,0,0,0.05)&#8221; background_image=&#8221;https:\/\/staging.kaffestuganalphem.se\/wp-content\/uploads\/2023\/05\/Kaffestugan-Alphems-Arboretum-26.jpg&#8221; width=&#8221;100%&#8221; max_width=&#8221;100%&#8221; min_height=&#8221;404px&#8221; custom_padding=&#8221;||11px|||&#8221; bottom_divider_color=&#8221;#af8191&#8243; bottom_divider_height=&#8221;26px&#8221; bottom_divider_flip=&#8221;horizontal&#8221; bottom_divider_arrangement=&#8221;above_content&#8221; global_colors_info=&#8221;{}&#8221;][et_pb_row _builder_version=&#8221;4.21.0&#8243; _module_preset=&#8221;default&#8221; global_colors_info=&#8221;{}&#8221;][et_pb_column type=&#8221;4_4&#8243; _builder_version=&#8221;4.21.0&#8243; _module_preset=&#8221;default&#8221; global_colors_info=&#8221;{}&#8221;][et_pb_text _builder_version=&#8221;4.21.0&#8243; _module_preset=&#8221;default&#8221; text_font=&#8221;Allura||||||||&#8221; text_text_color=&#8221;#FFFFFF&#8221; text_font_size=&#8221;17px&#8221; header_font=&#8221;Allura||||||||&#8221; header_text_color=&#8221;#FFFFFF&#8221; header_font_size=&#8221;100px&#8221; text_orientation=&#8221;center&#8221; custom_margin=&#8221;64px|||||&#8221; header_font_size_tablet=&#8221;100px&#8221; header_font_size_phone=&#8221;70px&#8221; header_font_size_last_edited=&#8221;on|tablet&#8221; global_colors_info=&#8221;{}&#8221;]<\/p>\n<h1><b>Bokningar<\/b><\/h1>\n<p>[\/et_pb_text][\/et_pb_column][\/et_pb_row][et_pb_row column_structure=&#8221;1_2,1_2&#8243; _builder_version=&#8221;4.21.0&#8243; _module_preset=&#8221;default&#8221; global_colors_info=&#8221;{}&#8221;][et_pb_column type=&#8221;1_2&#8243; _builder_version=&#8221;4.21.0&#8243; _module_preset=&#8221;default&#8221; global_colors_info=&#8221;{}&#8221;][et_pb_button button_text=&#8221;Tel: 072-210 30 13&#8243; button_alignment=&#8221;center&#8221; disabled_on=&#8221;on|on|off&#8221; _builder_version=&#8221;4.22.0&#8243; _module_preset=&#8221;default&#8221; custom_button=&#8221;on&#8221; button_text_size=&#8221;17px&#8221; button_text_color=&#8221;#FFFFFF&#8221; button_bg_color=&#8221;#AF8191&#8243; button_border_color=&#8221;#FFFFFF&#8221; button_font=&#8221;Noto Sans||on||||||&#8221; button_icon=&#8221;&#x39;||divi||400&#8243; button_icon_color=&#8221;#FFFFFF&#8221; box_shadow_style=&#8221;preset5&#8243; box_shadow_horizontal=&#8221;8px&#8221; box_shadow_vertical=&#8221;8px&#8221; box_shadow_spread=&#8221;-5px&#8221; box_shadow_color=&#8221;#AF8191&#8243; global_colors_info=&#8221;{}&#8221;][\/et_pb_button][et_pb_button button_url=&#8221;tel:0722103013&#8243; button_text=&#8221;Tel: 072-210 30 13&#8243; button_alignment=&#8221;center&#8221; disabled_on=&#8221;off|off|on&#8221; _builder_version=&#8221;4.22.0&#8243; _module_preset=&#8221;default&#8221; custom_button=&#8221;on&#8221; button_text_size=&#8221;17px&#8221; button_text_color=&#8221;#FFFFFF&#8221; button_bg_color=&#8221;#AF8191&#8243; button_border_color=&#8221;#FFFFFF&#8221; button_font=&#8221;Noto Sans||on||||||&#8221; button_icon=&#8221;&#x39;||divi||400&#8243; button_icon_color=&#8221;#FFFFFF&#8221; box_shadow_style=&#8221;preset5&#8243; box_shadow_horizontal=&#8221;8px&#8221; box_shadow_vertical=&#8221;8px&#8221; box_shadow_spread=&#8221;-5px&#8221; box_shadow_color=&#8221;#AF8191&#8243; global_colors_info=&#8221;{}&#8221;][\/et_pb_button][\/et_pb_column][et_pb_column type=&#8221;1_2&#8243; _builder_version=&#8221;4.21.0&#8243; _module_preset=&#8221;default&#8221; global_colors_info=&#8221;{}&#8221;][et_pb_button button_url=&#8221;mailto:anderskjellner@gmail.com&#8221; button_text=&#8221;Maila: anderskjellner@gmail.com&#8221; button_alignment=&#8221;center&#8221; _builder_version=&#8221;4.21.0&#8243; _module_preset=&#8221;default&#8221; custom_button=&#8221;on&#8221; button_text_size=&#8221;17px&#8221; button_text_color=&#8221;#FFFFFF&#8221; button_bg_color=&#8221;#AF8191&#8243; button_border_color=&#8221;#FFFFFF&#8221; button_font=&#8221;Noto Sans||on||||||&#8221; button_icon=&#8221;&#x39;||divi||400&#8243; button_icon_color=&#8221;#FFFFFF&#8221; box_shadow_style=&#8221;preset5&#8243; box_shadow_horizontal=&#8221;8px&#8221; box_shadow_vertical=&#8221;8px&#8221; box_shadow_spread=&#8221;-5px&#8221; box_shadow_color=&#8221;#AF8191&#8243; global_colors_info=&#8221;{}&#8221;][\/et_pb_button][\/et_pb_column][\/et_pb_row][\/et_pb_section][et_pb_section fb_built=&#8221;1&#8243; _builder_version=&#8221;4.21.0&#8243; _module_preset=&#8221;default&#8221; background_color=&#8221;#f5f1db&#8221; background_image=&#8221;https:\/\/staging.kaffestuganalphem.se\/wp-content\/uploads\/2023\/05\/Kaffestugan-Alphem-Arboretum-bakgrund-1.png&#8221; custom_margin=&#8221;0px||||false|false&#8221; custom_padding=&#8221;30px||30px||false|false&#8221; top_divider_color=&#8221;rgba(198,156,95,0.82)&#8221; top_divider_height=&#8221;40px&#8221; global_colors_info=&#8221;{}&#8221;][et_pb_row column_structure=&#8221;2_5,3_5&#8243; _builder_version=&#8221;4.21.0&#8243; _module_preset=&#8221;default&#8221; custom_margin=&#8221;0px||||false|false&#8221; custom_margin_tablet=&#8221;3px||||false|false&#8221; custom_margin_phone=&#8221;3px||||false|false&#8221; custom_margin_last_edited=&#8221;on|phone&#8221; global_colors_info=&#8221;{}&#8221;][et_pb_column type=&#8221;2_5&#8243; _builder_version=&#8221;4.21.0&#8243; _module_preset=&#8221;default&#8221; transform_rotate=&#8221;0deg|0deg|-3deg&#8221; border_color_all=&#8221;#FFFFFF&#8221; global_colors_info=&#8221;{}&#8221;][et_pb_image src=&#8221;https:\/\/staging.kaffestuganalphem.se\/wp-content\/uploads\/2023\/05\/Kaffestugan-Alphems-Arboretum-vaffla-med-sylt-min.jpg&#8221; title_text=&#8221;Kaffestugan-Alphems-Arboretum&#8212;v\u00e5ffla-med-sylt-min&#8221; _builder_version=&#8221;4.21.0&#8243; _module_preset=&#8221;default&#8221; border_radii=&#8221;on|15px|15px|15px|15px&#8221; border_width_all=&#8221;2px&#8221; border_color_all=&#8221;#FFFFFF&#8221; global_colors_info=&#8221;{}&#8221;][\/et_pb_image][\/et_pb_column][et_pb_column type=&#8221;3_5&#8243; _builder_version=&#8221;4.16&#8243; _module_preset=&#8221;default&#8221; global_colors_info=&#8221;{}&#8221;][et_pb_text _builder_version=&#8221;4.21.0&#8243; _module_preset=&#8221;default&#8221; text_font=&#8221;Noto Sans||on||||||&#8221; text_text_color=&#8221;RGBA(0,0,0,0.6)&#8221; custom_padding=&#8221;10px|10px|10px|10px|false|false&#8221; border_radii=&#8221;on|5px|5px|5px|5px&#8221; box_shadow_style=&#8221;preset5&#8243; box_shadow_horizontal=&#8221;7px&#8221; box_shadow_vertical=&#8221;5px&#8221; box_shadow_spread=&#8221;0px&#8221; box_shadow_color=&#8221;#AF8191&#8243; global_colors_info=&#8221;{}&#8221;]<\/p>\n<p>Om ni vill ha en fest p\u00e5 Alphem g\u00e5r det bra om det inte kolliderar f\u00f6r mycket med ordinarie \u00f6ppeth\u00e5llande. Ett mindre s\u00e4llskap, mindre \u00e4n 20 personer, kan komma ocks\u00e5 d\u00e5 kaffestugan \u00e4r \u00f6ppen f\u00f6r allm\u00e4nheten. Exempel p\u00e5 fester vi har arrangerat \u00e4r familjesammankomster s\u00e5som dop, br\u00f6llop, f\u00f6delsedagar, examensfester och begravningar.<\/p>\n<p>Det g\u00e5r att f\u00e5 olika r\u00e4tter, men en uppskattad r\u00e4tt som g\u00e5r bra att f\u00f6rbereda \u00e4r<\/p>\n<p>varmr\u00f6kt lax, jag r\u00f6ker sj\u00e4lv, med hemmagjort supergod potatissallad och roms\u00e5s.<\/p>\n<p>En annan r\u00e4tt som r\u00f6nt stor uppskattning \u00e4r v\u00e5r lax och skaldjurssoppa med tillbeh\u00f6r.<\/p>\n<p>Men flera r\u00e4tter \u00e4r m\u00f6jliga, beroende p\u00e5 tid och s\u00e4llskapets storlek.<\/p>\n<p>[\/et_pb_text][\/et_pb_column][\/et_pb_row][\/et_pb_section][et_pb_section fb_built=&#8221;1&#8243; disabled_on=&#8221;off|off|off&#8221; _builder_version=&#8221;4.21.0&#8243; _module_preset=&#8221;default&#8221; background_enable_color=&#8221;off&#8221; custom_padding=&#8221;30px||30px||false|false&#8221; global_colors_info=&#8221;{}&#8221;][et_pb_row _builder_version=&#8221;4.21.0&#8243; _module_preset=&#8221;default&#8221; custom_margin_tablet=&#8221;-22px||||false|false&#8221; custom_margin_phone=&#8221;-22px||||false|false&#8221; custom_margin_last_edited=&#8221;on|desktop&#8221; custom_padding=&#8221;0px||||false|false&#8221; global_colors_info=&#8221;{}&#8221;][et_pb_column type=&#8221;4_4&#8243; _builder_version=&#8221;4.16&#8243; _module_preset=&#8221;default&#8221; global_colors_info=&#8221;{}&#8221;][et_pb_text _builder_version=&#8221;4.21.0&#8243; _module_preset=&#8221;default&#8221; text_font=&#8221;Allura||||||||&#8221; text_text_color=&#8221;#AF8191&#8243; text_font_size=&#8221;58px&#8221; text_letter_spacing=&#8221;1px&#8221; text_line_height=&#8221;1em&#8221; text_orientation=&#8221;center&#8221; custom_margin=&#8221;0px||||false|false&#8221; custom_margin_tablet=&#8221;45px||||false|false&#8221; custom_margin_phone=&#8221;35px||||false|false&#8221; custom_margin_last_edited=&#8221;on|tablet&#8221; custom_padding=&#8221;|||0px|false|false&#8221; animation_style=&#8221;slide&#8221; animation_direction=&#8221;right&#8221; animation_intensity_slide=&#8221;15%&#8221; text_font_size_tablet=&#8221;60px&#8221; text_font_size_phone=&#8221;45px&#8221; text_font_size_last_edited=&#8221;on|phone&#8221; global_colors_info=&#8221;{}&#8221;]<\/p>\n<p>Ring eller maila Anders f\u00f6r f\u00f6rfr\u00e5gan och offert.<\/p>\n<p>[\/et_pb_text][et_pb_button button_url=&#8221;tel:0722103013&#8243; button_text=&#8221;Tel: 072-210 30 13&#8243; button_alignment=&#8221;center&#8221; disabled_on=&#8221;off|off|on&#8221; _builder_version=&#8221;4.22.0&#8243; _module_preset=&#8221;default&#8221; custom_button=&#8221;on&#8221; button_text_size=&#8221;17px&#8221; button_text_color=&#8221;#FFFFFF&#8221; button_bg_color=&#8221;#AF8191&#8243; button_border_color=&#8221;#FFFFFF&#8221; button_font=&#8221;Noto Sans||on||||||&#8221; button_icon=&#8221;&#x39;||divi||400&#8243; button_icon_color=&#8221;#FFFFFF&#8221; box_shadow_style=&#8221;preset5&#8243; box_shadow_horizontal=&#8221;8px&#8221; box_shadow_vertical=&#8221;8px&#8221; box_shadow_spread=&#8221;-5px&#8221; box_shadow_color=&#8221;#AF8191&#8243; global_colors_info=&#8221;{}&#8221;][\/et_pb_button][et_pb_button button_text=&#8221;Tel: 072-210 30 13&#8243; button_alignment=&#8221;center&#8221; disabled_on=&#8221;on|on|off&#8221; _builder_version=&#8221;4.22.0&#8243; _module_preset=&#8221;default&#8221; custom_button=&#8221;on&#8221; button_text_size=&#8221;17px&#8221; button_text_color=&#8221;#FFFFFF&#8221; button_bg_color=&#8221;#AF8191&#8243; button_border_color=&#8221;#FFFFFF&#8221; button_font=&#8221;Noto Sans||on||||||&#8221; button_icon=&#8221;&#x39;||divi||400&#8243; button_icon_color=&#8221;#FFFFFF&#8221; box_shadow_style=&#8221;preset5&#8243; box_shadow_horizontal=&#8221;8px&#8221; box_shadow_vertical=&#8221;8px&#8221; box_shadow_spread=&#8221;-5px&#8221; box_shadow_color=&#8221;#AF8191&#8243; global_colors_info=&#8221;{}&#8221;][\/et_pb_button][et_pb_button button_url=&#8221;mailto:anderskjellner@gmail.com&#8221; button_text=&#8221;Maila: anderskjellner@gmail.com&#8221; button_alignment=&#8221;center&#8221; _builder_version=&#8221;4.21.0&#8243; _module_preset=&#8221;default&#8221; custom_button=&#8221;on&#8221; button_text_size=&#8221;17px&#8221; button_text_color=&#8221;#FFFFFF&#8221; button_bg_color=&#8221;#AF8191&#8243; button_border_color=&#8221;#FFFFFF&#8221; button_font=&#8221;Noto Sans||on||||||&#8221; button_icon=&#8221;&#x39;||divi||400&#8243; button_icon_color=&#8221;#FFFFFF&#8221; box_shadow_style=&#8221;preset5&#8243; box_shadow_horizontal=&#8221;8px&#8221; box_shadow_vertical=&#8221;8px&#8221; box_shadow_spread=&#8221;-5px&#8221; box_shadow_color=&#8221;#AF8191&#8243; global_colors_info=&#8221;{}&#8221;][\/et_pb_button][\/et_pb_column][\/et_pb_row][\/et_pb_section][et_pb_section fb_built=&#8221;1&#8243; _builder_version=&#8221;4.21.0&#8243; _module_preset=&#8221;default&#8221; background_color=&#8221;#f5f1db&#8221; custom_padding=&#8221;30px||30px||false|false&#8221; global_colors_info=&#8221;{}&#8221;][et_pb_row column_structure=&#8221;1_4,1_4,1_4,1_4&#8243; use_custom_gutter=&#8221;on&#8221; gutter_width=&#8221;2&#8243; _builder_version=&#8221;4.21.0&#8243; _module_preset=&#8221;default&#8221; width=&#8221;100%&#8221; global_colors_info=&#8221;{}&#8221;][et_pb_column type=&#8221;1_4&#8243; _builder_version=&#8221;4.21.0&#8243; _module_preset=&#8221;default&#8221; transform_rotate=&#8221;0deg|0deg|-3deg&#8221; global_colors_info=&#8221;{}&#8221;][et_pb_image src=&#8221;https:\/\/staging.kaffestuganalphem.se\/wp-content\/uploads\/2023\/05\/Kaffestugan-Alphems-Arboretum-27.jpg&#8221; title_text=&#8221;Kaffestugan Alphems Arboretum (27)&#8221; _builder_version=&#8221;4.21.0&#8243; _module_preset=&#8221;default&#8221; border_radii=&#8221;on|15px|15px|15px|15px&#8221; border_width_all=&#8221;2px&#8221; border_color_all=&#8221;#FFFFFF&#8221; global_colors_info=&#8221;{}&#8221;][\/et_pb_image][\/et_pb_column][et_pb_column type=&#8221;1_4&#8243; _builder_version=&#8221;4.16&#8243; _module_preset=&#8221;default&#8221; global_colors_info=&#8221;{}&#8221;][et_pb_image src=&#8221;https:\/\/staging.kaffestuganalphem.se\/wp-content\/uploads\/2023\/05\/Kaffestugan-Alphems-Arboretum-27.jpg&#8221; title_text=&#8221;Kaffestugan Alphems Arboretum (27)&#8221; _builder_version=&#8221;4.21.0&#8243; _module_preset=&#8221;default&#8221; border_radii=&#8221;on|15px|15px|15px|15px&#8221; border_width_all=&#8221;2px&#8221; border_color_all=&#8221;#FFFFFF&#8221; global_colors_info=&#8221;{}&#8221;][\/et_pb_image][\/et_pb_column][et_pb_column type=&#8221;1_4&#8243; _builder_version=&#8221;4.16&#8243; _module_preset=&#8221;default&#8221; global_colors_info=&#8221;{}&#8221;][et_pb_image src=&#8221;https:\/\/staging.kaffestuganalphem.se\/wp-content\/uploads\/2023\/05\/Kaffestugan-Alphems-Arboretum-27.jpg&#8221; title_text=&#8221;Kaffestugan Alphems Arboretum (27)&#8221; _builder_version=&#8221;4.21.0&#8243; _module_preset=&#8221;default&#8221; border_radii=&#8221;on|15px|15px|15px|15px&#8221; border_width_all=&#8221;2px&#8221; border_color_all=&#8221;#FFFFFF&#8221; global_colors_info=&#8221;{}&#8221;][\/et_pb_image][\/et_pb_column][et_pb_column type=&#8221;1_4&#8243; _builder_version=&#8221;4.16&#8243; _module_preset=&#8221;default&#8221; global_colors_info=&#8221;{}&#8221;][et_pb_image src=&#8221;https:\/\/staging.kaffestuganalphem.se\/wp-content\/uploads\/2023\/05\/Kaffestugan-Alphems-Arboretum-27.jpg&#8221; title_text=&#8221;Kaffestugan Alphems Arboretum (27)&#8221; _builder_version=&#8221;4.21.0&#8243; _module_preset=&#8221;default&#8221; border_radii=&#8221;on|15px|15px|15px|15px&#8221; border_width_all=&#8221;2px&#8221; border_color_all=&#8221;#FFFFFF&#8221; global_colors_info=&#8221;{}&#8221;][\/et_pb_image][\/et_pb_column][\/et_pb_row][\/et_pb_section][et_pb_section fb_built=&#8221;1&#8243; disabled_on=&#8221;off|off|off&#8221; _builder_version=&#8221;4.21.0&#8243; _module_preset=&#8221;default&#8221; background_enable_color=&#8221;off&#8221; custom_padding=&#8221;30px||30px||false|false&#8221; global_colors_info=&#8221;{}&#8221;][et_pb_row _builder_version=&#8221;4.21.0&#8243; _module_preset=&#8221;default&#8221; custom_margin_tablet=&#8221;-22px||||false|false&#8221; custom_margin_phone=&#8221;-22px||||false|false&#8221; custom_margin_last_edited=&#8221;on|tablet&#8221; custom_padding=&#8221;0px||12px||false|false&#8221; global_colors_info=&#8221;{}&#8221;][et_pb_column type=&#8221;4_4&#8243; _builder_version=&#8221;4.16&#8243; _module_preset=&#8221;default&#8221; global_colors_info=&#8221;{}&#8221;][et_pb_text _builder_version=&#8221;4.21.0&#8243; _module_preset=&#8221;default&#8221; text_font=&#8221;Allura||||||||&#8221; text_text_color=&#8221;#AF8191&#8243; text_font_size=&#8221;58px&#8221; text_letter_spacing=&#8221;1px&#8221; text_line_height=&#8221;1em&#8221; text_orientation=&#8221;center&#8221; custom_margin=&#8221;0px||||false|false&#8221; custom_margin_tablet=&#8221;45px||||false|false&#8221; custom_margin_phone=&#8221;35px||||false|false&#8221; custom_margin_last_edited=&#8221;on|tablet&#8221; custom_padding=&#8221;|||0px|false|false&#8221; animation_style=&#8221;slide&#8221; animation_direction=&#8221;right&#8221; animation_intensity_slide=&#8221;15%&#8221; text_font_size_tablet=&#8221;60px&#8221; text_font_size_phone=&#8221;45px&#8221; text_font_size_last_edited=&#8221;on|phone&#8221; global_colors_info=&#8221;{}&#8221;]<\/p>\n<p>Blogg<\/p>\n<p>[\/et_pb_text][\/et_pb_column][\/et_pb_row][\/et_pb_section][et_pb_section fb_built=&#8221;1&#8243; _builder_version=&#8221;4.21.0&#8243; _module_preset=&#8221;default&#8221; background_color=&#8221;#f5f1db&#8221; background_image=&#8221;https:\/\/staging.kaffestuganalphem.se\/wp-content\/uploads\/2023\/05\/Kaffestugan-Alphem-Arboretum-bakgrund-1.png&#8221; custom_margin=&#8221;0px||||false|false&#8221; custom_padding=&#8221;30px||30px||false|false&#8221; top_divider_color=&#8221;rgba(198,156,95,0.82)&#8221; top_divider_height=&#8221;40px&#8221; global_colors_info=&#8221;{}&#8221;][et_pb_row _builder_version=&#8221;4.21.0&#8243; _module_preset=&#8221;default&#8221; custom_margin=&#8221;9px|auto||auto||&#8221; global_colors_info=&#8221;{}&#8221;][et_pb_column type=&#8221;4_4&#8243; _builder_version=&#8221;4.21.0&#8243; _module_preset=&#8221;default&#8221; global_colors_info=&#8221;{}&#8221;][et_pb_blog fullwidth=&#8221;off&#8221; show_more=&#8221;on&#8221; show_author=&#8221;off&#8221; show_categories=&#8221;off&#8221; _builder_version=&#8221;4.21.0&#8243; _module_preset=&#8221;default&#8221; header_font=&#8221;Allura||||||||&#8221; header_text_color=&#8221;#AF8191&#8243; header_font_size=&#8221;30px&#8221; body_font=&#8221;Noto Sans||||||||&#8221; body_text_color=&#8221;RGBA(0,0,0,0.6)&#8221; meta_font=&#8221;Noto Sans||||||||&#8221; border_radii=&#8221;on|15px|15px|15px|15px&#8221; box_shadow_style=&#8221;preset3&#8243; global_colors_info=&#8221;{}&#8221;][\/et_pb_blog][\/et_pb_column][\/et_pb_row][\/et_pb_section][et_pb_section fb_built=&#8221;1&#8243; _builder_version=&#8221;4.21.0&#8243; _module_preset=&#8221;default&#8221; custom_padding=&#8221;3px||10px|||&#8221; global_colors_info=&#8221;{}&#8221;][et_pb_row _builder_version=&#8221;4.21.0&#8243; _module_preset=&#8221;default&#8221; global_colors_info=&#8221;{}&#8221;][et_pb_column type=&#8221;4_4&#8243; _builder_version=&#8221;4.21.0&#8243; _module_preset=&#8221;default&#8221; global_colors_info=&#8221;{}&#8221;][et_pb_text _builder_version=&#8221;4.21.0&#8243; _module_preset=&#8221;default&#8221; global_colors_info=&#8221;{}&#8221;][\/et_pb_text][\/et_pb_column][\/et_pb_row][\/et_pb_section]<\/p>\n","protected":false},"excerpt":{"rendered":"<p>BokningarOm ni vill ha en fest p\u00e5 Alphem g\u00e5r det bra om det inte kolliderar f\u00f6r mycket med ordinarie \u00f6ppeth\u00e5llande. Ett mindre s\u00e4llskap, mindre \u00e4n 20 personer, kan komma ocks\u00e5 d\u00e5 kaffestugan \u00e4r \u00f6ppen f\u00f6r allm\u00e4nheten. Exempel p\u00e5 fester vi har arrangerat \u00e4r familjesammankomster s\u00e5som dop, br\u00f6llop, f\u00f6delsedagar, examensfester och begravningar. Det g\u00e5r att f\u00e5 [&hellip;]<\/p>\n","protected":false},"author":1,"featured_media":173,"parent":0,"menu_order":0,"comment_status":"closed","ping_status":"closed","template":"","meta":{"_et_pb_use_builder":"on","_et_pb_old_content":"","_et_gb_content_width":"","footnotes":""},"class_list":["post-241","page","type-page","status-publish","has-post-thumbnail","hentry"],"_links":{"self":[{"href":"https:\/\/staging.kaffestuganalphem.se\/en\/wp-json\/wp\/v2\/pages\/241","targetHints":{"allow":["GET"]}}],"collection":[{"href":"https:\/\/staging.kaffestuganalphem.se\/en\/wp-json\/wp\/v2\/pages"}],"about":[{"href":"https:\/\/staging.kaffestuganalphem.se\/en\/wp-json\/wp\/v2\/types\/page"}],"author":[{"embeddable":true,"href":"https:\/\/staging.kaffestuganalphem.se\/en\/wp-json\/wp\/v2\/users\/1"}],"replies":[{"embeddable":true,"href":"https:\/\/staging.kaffestuganalphem.se\/en\/wp-json\/wp\/v2\/comments?post=241"}],"version-history":[{"count":5,"href":"https:\/\/staging.kaffestuganalphem.se\/en\/wp-json\/wp\/v2\/pages\/241\/revisions"}],"predecessor-version":[{"id":588,"href":"https:\/\/staging.kaffestuganalphem.se\/en\/wp-json\/wp\/v2\/pages\/241\/revisions\/588"}],"wp:featuredmedia":[{"embeddable":true,"href":"https:\/\/staging.kaffestuganalphem.se\/en\/wp-json\/wp\/v2\/media\/173"}],"wp:attachment":[{"href":"https:\/\/staging.kaffestuganalphem.se\/en\/wp-json\/wp\/v2\/media?parent=241"}],"curies":[{"name":"wp","href":"https:\/\/api.w.org\/{rel}","templated":true}]}}