{"id":153,"date":"2023-05-08T13:54:55","date_gmt":"2023-05-08T11:54:55","guid":{"rendered":"https:\/\/kaffestuganalphem.se\/?page_id=153"},"modified":"2024-02-21T19:47:21","modified_gmt":"2024-02-21T18:47:21","slug":"blogg","status":"publish","type":"page","link":"https:\/\/staging.kaffestuganalphem.se\/en\/blogg\/","title":{"rendered":"Blogg"},"content":{"rendered":"<p>[et_pb_section fb_built=&#8221;1&#8243; _builder_version=&#8221;4.21.0&#8243; _module_preset=&#8221;default&#8221; background_color=&#8221;rgba(0,0,0,0.05)&#8221; background_image=&#8221;https:\/\/staging.kaffestuganalphem.se\/wp-content\/uploads\/2023\/05\/IMG_20230504_121144_1.jpg&#8221; width=&#8221;100%&#8221; max_width=&#8221;100%&#8221; min_height=&#8221;404px&#8221; custom_padding=&#8221;||11px|||&#8221; bottom_divider_color=&#8221;#af8191&#8243; bottom_divider_height=&#8221;26px&#8221; bottom_divider_flip=&#8221;horizontal&#8221; bottom_divider_arrangement=&#8221;above_content&#8221; global_colors_info=&#8221;{}&#8221;][et_pb_row _builder_version=&#8221;4.21.0&#8243; _module_preset=&#8221;default&#8221; global_colors_info=&#8221;{}&#8221;][et_pb_column type=&#8221;4_4&#8243; _builder_version=&#8221;4.21.0&#8243; _module_preset=&#8221;default&#8221; global_colors_info=&#8221;{}&#8221;][et_pb_text _builder_version=&#8221;4.21.0&#8243; _module_preset=&#8221;default&#8221; text_font=&#8221;Allura||||||||&#8221; text_text_color=&#8221;#FFFFFF&#8221; text_font_size=&#8221;17px&#8221; header_font=&#8221;Allura||||||||&#8221; header_text_color=&#8221;#FFFFFF&#8221; header_font_size=&#8221;100px&#8221; text_orientation=&#8221;center&#8221; custom_margin=&#8221;64px|||||&#8221; header_font_size_tablet=&#8221;100px&#8221; header_font_size_phone=&#8221;70px&#8221; header_font_size_last_edited=&#8221;on|tablet&#8221; global_colors_info=&#8221;{}&#8221;]<\/p>\n<h1><b>Ordet \u00e4r mitt<\/b><\/h1>\n<p>[\/et_pb_text][\/et_pb_column][\/et_pb_row][\/et_pb_section][et_pb_section fb_built=&#8221;1&#8243; _builder_version=&#8221;4.21.0&#8243; _module_preset=&#8221;default&#8221; background_color=&#8221;#f5f1db&#8221; background_image=&#8221;https:\/\/staging.kaffestuganalphem.se\/wp-content\/uploads\/2023\/05\/Kaffestugan-Alphem-Arboretum-bakgrund-1.png&#8221; custom_margin=&#8221;0px||||false|false&#8221; custom_padding=&#8221;30px||30px||false|false&#8221; top_divider_color=&#8221;rgba(198,156,95,0.82)&#8221; top_divider_height=&#8221;40px&#8221; global_colors_info=&#8221;{}&#8221;][et_pb_row column_structure=&#8221;3_5,2_5&#8243; _builder_version=&#8221;4.21.0&#8243; _module_preset=&#8221;default&#8221; custom_margin=&#8221;0px||||false|false&#8221; custom_margin_tablet=&#8221;3px||||false|false&#8221; custom_margin_phone=&#8221;3px||||false|false&#8221; custom_margin_last_edited=&#8221;on|phone&#8221; hover_enabled=&#8221;0&#8243; global_colors_info=&#8221;{}&#8221; sticky_enabled=&#8221;0&#8243;][et_pb_column type=&#8221;3_5&#8243; _builder_version=&#8221;4.21.0&#8243; _module_preset=&#8221;default&#8221; transform_rotate=&#8221;0deg|0deg|-3deg&#8221; border_color_all=&#8221;#FFFFFF&#8221; global_colors_info=&#8221;{}&#8221;][et_pb_image src=&#8221;https:\/\/staging.kaffestuganalphem.se\/wp-content\/uploads\/2023\/05\/Kaffestugan-Alphems-Arboretum-20.jpg&#8221; title_text=&#8221;Kaffestugan Alphems Arboretum (20)&#8221; _builder_version=&#8221;4.21.0&#8243; _module_preset=&#8221;default&#8221; width=&#8221;50%&#8221; module_alignment=&#8221;center&#8221; border_radii=&#8221;on|15px|15px|15px|15px&#8221; border_width_all=&#8221;2px&#8221; border_color_all=&#8221;#FFFFFF&#8221; global_colors_info=&#8221;{}&#8221;][\/et_pb_image][\/et_pb_column][et_pb_column type=&#8221;2_5&#8243; _builder_version=&#8221;4.16&#8243; _module_preset=&#8221;default&#8221; global_colors_info=&#8221;{}&#8221;][et_pb_text _builder_version=&#8221;4.21.0&#8243; _module_preset=&#8221;default&#8221; header_2_font=&#8221;Allura||||||||&#8221; header_2_text_color=&#8221;#AF8191&#8243; header_2_font_size=&#8221;52px&#8221; global_colors_info=&#8221;{}&#8221;]<\/p>\n<h2>Anders Kjellner<\/h2>\n<p>[\/et_pb_text][et_pb_text _builder_version=&#8221;4.24.1&#8243; _module_preset=&#8221;default&#8221; text_font=&#8221;Noto Sans||on||||||&#8221; text_text_color=&#8221;RGBA(0,0,0,0.6)&#8221; hover_enabled=&#8221;0&#8243; global_colors_info=&#8221;{}&#8221; sticky_enabled=&#8221;0&#8243;]<\/p>\n<p>I detta n\u00e5dens \u00e5r, 2024, vill jag som vanligt en massa p\u00e5 Aphem. Vi b\u00f6rjar med n\u00e5got som gl\u00e4djer mig ofantligt, en konstutst\u00e4llning med Jalmar Lindgren. Den \u00e4r beskriven p\u00e5 andra st\u00e4llen. Men jag vill ber\u00e4tta om Jalmar, om hans f\u00f6rsynta, kloka, eftert\u00e4nksamma\u00a0 personlighet. N\u00e5gra skulle kalla honom l\u00e5ngsam i talet. Med viss r\u00e4tt. En av m\u00e5nga anektdoter \u00e4r belysande. Jalmar satt med sin gode v\u00e4n Fredrik Behrst\u00e5l i dennes stora sal p\u00e5 Salaholm och kurade skymning. Som sig b\u00f6r vid skymningskurande, sade de tv\u00e5 v\u00e4nnerna f\u00f6ga eller intet. En tredje v\u00e4n, s\u00e5gverks\u00e4garen Einar G Karlsson, Hul\u00f6jarn kallad, ansl\u00f6t sig till s\u00e4llskapet, satte sig och kurade han ocks\u00e5. Einar var emellertid lite &#8220;hastigare&#8221; \u00e4n v\u00e4nnerna, s\u00e5 n\u00e4r det g\u00e5tt en halvtimma utan att n\u00e5got dryftades sa han med viss ot\u00e5lighet &#8220;h\u00e4r seger i d\u00e5 inte m\u00f6e&#8221; Hans uttalande gav ingen reaktion hos de andra b\u00e5da. Men n\u00e4r ytterligare fem minuter g\u00e5tt samlade sig Jalmar till ett svar pr\u00e4glat av mycket l\u00e5ngsam eftert\u00e4nksamhet. &#8220;N\u00e4e, d\u00e4 g\u00e4r vi inte, men d\u00e4 vi seger, d\u00e4 har tyngd&#8221;<\/p>\n<p>[\/et_pb_text][\/et_pb_column][\/et_pb_row][et_pb_row _builder_version=&#8221;4.21.0&#8243; _module_preset=&#8221;default&#8221; custom_margin=&#8221;9px|auto||auto||&#8221; global_colors_info=&#8221;{}&#8221;][et_pb_column type=&#8221;4_4&#8243; _builder_version=&#8221;4.21.0&#8243; _module_preset=&#8221;default&#8221; global_colors_info=&#8221;{}&#8221;][et_pb_blog fullwidth=&#8221;off&#8221; show_more=&#8221;on&#8221; show_author=&#8221;off&#8221; show_categories=&#8221;off&#8221; _builder_version=&#8221;4.21.0&#8243; _module_preset=&#8221;default&#8221; header_font=&#8221;Allura||||||||&#8221; header_text_color=&#8221;#AF8191&#8243; header_font_size=&#8221;30px&#8221; body_font=&#8221;Noto Sans||||||||&#8221; body_text_color=&#8221;RGBA(0,0,0,0.6)&#8221; meta_font=&#8221;Noto Sans||||||||&#8221; border_radii=&#8221;on|15px|15px|15px|15px&#8221; box_shadow_style=&#8221;preset3&#8243; global_colors_info=&#8221;{}&#8221;][\/et_pb_blog][\/et_pb_column][\/et_pb_row][\/et_pb_section][et_pb_section fb_built=&#8221;1&#8243; _builder_version=&#8221;4.21.0&#8243; _module_preset=&#8221;default&#8221; custom_padding=&#8221;3px||10px|||&#8221; global_colors_info=&#8221;{}&#8221;][et_pb_row _builder_version=&#8221;4.21.0&#8243; _module_preset=&#8221;default&#8221; global_colors_info=&#8221;{}&#8221;][et_pb_column type=&#8221;4_4&#8243; _builder_version=&#8221;4.21.0&#8243; _module_preset=&#8221;default&#8221; global_colors_info=&#8221;{}&#8221;][et_pb_text _builder_version=&#8221;4.21.0&#8243; _module_preset=&#8221;default&#8221; global_colors_info=&#8221;{}&#8221;][\/et_pb_text][\/et_pb_column][\/et_pb_row][\/et_pb_section]<\/p>\n","protected":false},"excerpt":{"rendered":"<p>Ordet \u00e4r mittAnders KjellnerI detta n\u00e5dens \u00e5r, 2024, vill jag som vanligt en massa p\u00e5 Aphem. Vi b\u00f6rjar med n\u00e5got som gl\u00e4djer mig ofantligt, en konstutst\u00e4llning med Jalmar Lindgren. Den \u00e4r beskriven p\u00e5 andra st\u00e4llen. Men jag vill ber\u00e4tta om Jalmar, om hans f\u00f6rsynta, kloka, eftert\u00e4nksamma\u00a0 personlighet. N\u00e5gra skulle kalla honom l\u00e5ngsam i talet. Med [&hellip;]<\/p>\n","protected":false},"author":1,"featured_media":182,"parent":0,"menu_order":0,"comment_status":"closed","ping_status":"closed","template":"","meta":{"_et_pb_use_builder":"on","_et_pb_old_content":"","_et_gb_content_width":"","footnotes":""},"class_list":["post-153","page","type-page","status-publish","has-post-thumbnail","hentry"],"_links":{"self":[{"href":"https:\/\/staging.kaffestuganalphem.se\/en\/wp-json\/wp\/v2\/pages\/153","targetHints":{"allow":["GET"]}}],"collection":[{"href":"https:\/\/staging.kaffestuganalphem.se\/en\/wp-json\/wp\/v2\/pages"}],"about":[{"href":"https:\/\/staging.kaffestuganalphem.se\/en\/wp-json\/wp\/v2\/types\/page"}],"author":[{"embeddable":true,"href":"https:\/\/staging.kaffestuganalphem.se\/en\/wp-json\/wp\/v2\/users\/1"}],"replies":[{"embeddable":true,"href":"https:\/\/staging.kaffestuganalphem.se\/en\/wp-json\/wp\/v2\/comments?post=153"}],"version-history":[{"count":6,"href":"https:\/\/staging.kaffestuganalphem.se\/en\/wp-json\/wp\/v2\/pages\/153\/revisions"}],"predecessor-version":[{"id":635,"href":"https:\/\/staging.kaffestuganalphem.se\/en\/wp-json\/wp\/v2\/pages\/153\/revisions\/635"}],"wp:featuredmedia":[{"embeddable":true,"href":"https:\/\/staging.kaffestuganalphem.se\/en\/wp-json\/wp\/v2\/media\/182"}],"wp:attachment":[{"href":"https:\/\/staging.kaffestuganalphem.se\/en\/wp-json\/wp\/v2\/media?parent=153"}],"curies":[{"name":"wp","href":"https:\/\/api.w.org\/{rel}","templated":true}]}}